{"id":513,"date":"2024-07-30T15:23:50","date_gmt":"2024-07-30T13:23:50","guid":{"rendered":"https:\/\/emiliecaeymaex.com\/a-propos-de\/"},"modified":"2025-03-12T10:53:52","modified_gmt":"2025-03-12T09:53:52","slug":"a-propos-de","status":"publish","type":"page","link":"https:\/\/emiliecaeymaex.com\/fr\/a-propos-de\/","title":{"rendered":"A propos"},"content":{"rendered":"<p>[et_pb_section fb_built=\u00a0\u00bb1&Prime; _builder_version=\u00a0\u00bb4.27.4&Prime; _module_preset=\u00a0\u00bbdefault\u00a0\u00bb custom_padding=\u00a0\u00bb0px||0px|||\u00a0\u00bb da_disable_devices=\u00a0\u00bboff|off|off\u00a0\u00bb global_colors_info=\u00a0\u00bb{}\u00a0\u00bb da_is_popup=\u00a0\u00bboff\u00a0\u00bb da_exit_intent=\u00a0\u00bboff\u00a0\u00bb da_has_close=\u00a0\u00bbon\u00a0\u00bb da_alt_close=\u00a0\u00bboff\u00a0\u00bb da_dark_close=\u00a0\u00bboff\u00a0\u00bb da_not_modal=\u00a0\u00bbon\u00a0\u00bb da_is_singular=\u00a0\u00bboff\u00a0\u00bb da_with_loader=\u00a0\u00bboff\u00a0\u00bb da_has_shadow=\u00a0\u00bbon\u00a0\u00bb][et_pb_row _builder_version=\u00a0\u00bb4.27.4&Prime; _module_preset=\u00a0\u00bbdefault\u00a0\u00bb custom_padding=\u00a0\u00bb0px|||||\u00a0\u00bb global_colors_info=\u00a0\u00bb{}\u00a0\u00bb][et_pb_column type=\u00a0\u00bb4_4&Prime; _builder_version=\u00a0\u00bb4.27.4&Prime; _module_preset=\u00a0\u00bbdefault\u00a0\u00bb global_colors_info=\u00a0\u00bb{}\u00a0\u00bb][et_pb_text _builder_version=\u00a0\u00bb4.27.4&Prime; _module_preset=\u00a0\u00bbdefault\u00a0\u00bb text_font=\u00a0\u00bbInconsolata|700|||||||\u00a0\u00bb link_text_color=\u00a0\u00bb#0C71C3&Prime; header_font=\u00a0\u00bb||||||||\u00a0\u00bb header_text_align=\u00a0\u00bbcenter\u00a0\u00bb header_font_size=\u00a0\u00bb22px\u00a0\u00bb header_letter_spacing=\u00a0\u00bb2px\u00a0\u00bb header_line_height=\u00a0\u00bb1.4em\u00a0\u00bb custom_margin=\u00a0\u00bb||15px||false|false\u00a0\u00bb global_colors_info=\u00a0\u00bb{}\u00a0\u00bb]<\/p>\n<h1><span style=\"font-weight: 400;\">\u00c0 Propos d&rsquo;\u00c9milie Caeymaex \u2013 Artiste Abstraite Contemporaine<\/span><\/h1>\n<p>[\/et_pb_text][et_pb_text _builder_version=\u00a0\u00bb4.27.4&Prime; _module_preset=\u00a0\u00bbdefault\u00a0\u00bb text_orientation=\u00a0\u00bbcenter\u00a0\u00bb max_width=\u00a0\u00bb900px\u00a0\u00bb module_alignment=\u00a0\u00bbcenter\u00a0\u00bb global_colors_info=\u00a0\u00bb{}\u00a0\u00bb]<\/p>\n<p>\u00c9milie Caeymaex est une artiste belge sp\u00e9cialis\u00e9e dans la peinture abstraite contemporaine. Bas\u00e9e \u00e0 Bruxelles, elle puise son inspiration dans la nature pour cr\u00e9er des \u0153uvres uniques et modernes. Passionn\u00e9e par les couleurs et les formes, \u00c9milie propose des cr\u00e9ations uniques qui refl\u00e8tent son univers artistique et sa vision du monde.<\/p>\n<p>[\/et_pb_text][\/et_pb_column][\/et_pb_row][\/et_pb_section][et_pb_section fb_built=\u00a0\u00bb1&Prime; _builder_version=\u00a0\u00bb4.27.0&Prime; _module_preset=\u00a0\u00bbdefault\u00a0\u00bb custom_padding=\u00a0\u00bb30px||0px||false|false\u00a0\u00bb da_disable_devices=\u00a0\u00bboff|off|off\u00a0\u00bb global_colors_info=\u00a0\u00bb{}\u00a0\u00bb da_is_popup=\u00a0\u00bboff\u00a0\u00bb da_exit_intent=\u00a0\u00bboff\u00a0\u00bb da_has_close=\u00a0\u00bbon\u00a0\u00bb da_alt_close=\u00a0\u00bboff\u00a0\u00bb da_dark_close=\u00a0\u00bboff\u00a0\u00bb da_not_modal=\u00a0\u00bbon\u00a0\u00bb da_is_singular=\u00a0\u00bboff\u00a0\u00bb da_with_loader=\u00a0\u00bboff\u00a0\u00bb da_has_shadow=\u00a0\u00bbon\u00a0\u00bb][et_pb_row column_structure=\u00a0\u00bb2_5,3_5&Prime; _builder_version=\u00a0\u00bb4.27.0&Prime; _module_preset=\u00a0\u00bbdefault\u00a0\u00bb custom_padding=\u00a0\u00bb0px|||||\u00a0\u00bb global_colors_info=\u00a0\u00bb{}\u00a0\u00bb][et_pb_column type=\u00a0\u00bb2_5&Prime; _builder_version=\u00a0\u00bb4.27.0&Prime; _module_preset=\u00a0\u00bbdefault\u00a0\u00bb global_colors_info=\u00a0\u00bb{}\u00a0\u00bb][et_pb_image src=\u00a0\u00bbhttps:\/\/emiliecaeymaex.com\/wp-content\/uploads\/2024\/10\/abstract-painter-emilie-caeymaex-1.jpg\u00a0\u00bb title_text=\u00a0\u00bbabstract-painter-emilie-caeymaex\u00a0\u00bb _builder_version=\u00a0\u00bb4.27.2&Prime; _module_preset=\u00a0\u00bbdefault\u00a0\u00bb global_colors_info=\u00a0\u00bb{}\u00a0\u00bb][\/et_pb_image][\/et_pb_column][et_pb_column type=\u00a0\u00bb3_5&Prime; _builder_version=\u00a0\u00bb4.27.0&Prime; _module_preset=\u00a0\u00bbdefault\u00a0\u00bb global_colors_info=\u00a0\u00bb{}\u00a0\u00bb][et_pb_text _builder_version=\u00a0\u00bb4.27.2&Prime; _module_preset=\u00a0\u00bbdefault\u00a0\u00bb text_font=\u00a0\u00bb|600|on||||||\u00a0\u00bb text_text_color=\u00a0\u00bb#805475&Prime; text_font_size=\u00a0\u00bb25px\u00a0\u00bb text_line_height=\u00a0\u00bb1.5em\u00a0\u00bb global_colors_info=\u00a0\u00bb{}\u00a0\u00bb]<\/p>\n<div class=\"elementToProof\">Les plus beaux voyages de l&rsquo;esprit commencent chez vous, port\u00e9es par l\u2019essence d&rsquo;une \u0153uvre d&rsquo;art inspirante. <span style=\"font-size: 25px;\">Laissez-moi vous emmener en voyage &#8230;<\/span><\/div>\n<p>[\/et_pb_text][et_pb_text _builder_version=\u00a0\u00bb4.27.2&Prime; _module_preset=\u00a0\u00bbdefault\u00a0\u00bb text_font=\u00a0\u00bb|300|||||||\u00a0\u00bb text_text_color=\u00a0\u00bb#000000&Prime; header_font=\u00a0\u00bb|||on|||||\u00a0\u00bb header_text_color=\u00a0\u00bb#0C71C3&Prime; header_line_height=\u00a0\u00bb1.4em\u00a0\u00bb background_enable_color=\u00a0\u00bboff\u00a0\u00bb custom_margin=\u00a0\u00bb||15px||false|false\u00a0\u00bb global_colors_info=\u00a0\u00bb{}\u00a0\u00bb]<\/p>\n<p><em>\u00ab\u00a0Aussi loin que je me souvienne, j\u2019ai toujours aim\u00e9 r\u00eaver, colorier, bricoler, d\u00e9corer \u2013 d\u00e9couvrir le monde avec mes mains, couvertes de peinture, de colle, de marqueurs. Rien de pr\u00e9cis et tout \u00e0 la fois, l\u00e0 o\u00f9 mon esprit me conduisait. Je me retrouvais sur la pointe des pieds, un pinceau \u00e0 la main, un autre dans les cheveux et un crayon dans la bouche.<\/em><br \/><em>Je vis pour ces moments o\u00f9 je peux me perdre dans la cr\u00e9ation, les mains pleines de peinture, l\u2019esprit l\u00e9ger.\u201d<\/em><\/p>\n<p>[\/et_pb_text][et_pb_text _builder_version=\u00a0\u00bb4.27.2&Prime; _module_preset=\u00a0\u00bbdefault\u00a0\u00bb header_font=\u00a0\u00bb|||on|||||\u00a0\u00bb header_text_color=\u00a0\u00bb#0C71C3&Prime; header_line_height=\u00a0\u00bb1.4em\u00a0\u00bb global_colors_info=\u00a0\u00bb{}\u00a0\u00bb]<\/p>\n<p>Artiste abstraite belge, \u00c9milie trouve son inspiration dans une multitude de domaines : architecture, mode, po\u00e9sie, musique \u2026 Cette passion pour la beaut\u00e9, sous toutes ses formes, est le fil conducteur de sa cr\u00e9ation artistique. <\/p>\n<p>L\u2019abstraction est pour Emilie un territoire de jeu infini, o\u00f9 elle fa\u00e7onne la mati\u00e8re et les couleurs \u00e0 l\u2019image de ses \u00e9motions. Lib\u00e9r\u00e9e des carcans de la repr\u00e9sentation, elle explore les mati\u00e8res et les couleurs et les transcrit sur la toile. Son parcours artistique, entre \u00e9tudes classiques et exp\u00e9riences professionnelles, l\u2019a amen\u00e9e \u00e0 affirmer sa singularit\u00e9. <br \/>\u00c9milie a \u00e9tudi\u00e9 l&rsquo;art \u00e0 l&rsquo;\u00e9cole et a travaill\u00e9 dans le marketing apr\u00e8s l&rsquo;universit\u00e9. Elle n&rsquo;a jamais cess\u00e9 de peindre C\u2019est \u00e0 Barcelone, berceau de l\u2019art moderne, qu\u2019elle a trouv\u00e9 l\u2019inspiration pour se consacrer enti\u00e8rement \u00e0 la peinture. <br \/>Pour elle, l&rsquo;art est un acte de partage, une invitation \u00e0 c\u00e9l\u00e9brer la beaut\u00e9 du monde et la po\u00e9sie de l&rsquo;existence. <br \/>\u00c9milie utilise plusieurs techniques, raclage \u2013 grattage \u2013 coulage et monotypes en mettant l\u2019accent principalement sur les mati\u00e8res, les couleurs et la gestuelle. Le sujet n\u2019est qu\u2019un pr\u00e9texte pour d\u00e9couvrir de nouvelles techniques, de nouvelles fa\u00e7ons de faire. <\/p>\n<p>[\/et_pb_text][\/et_pb_column][\/et_pb_row][\/et_pb_section]<\/p>\n","protected":false},"excerpt":{"rendered":"<p>\u00c0 Propos d&rsquo;\u00c9milie Caeymaex \u2013 Artiste Abstraite Contemporaine\u00c9milie Caeymaex est une artiste belge sp\u00e9cialis\u00e9e dans la peinture abstraite contemporaine. Bas\u00e9e \u00e0 Bruxelles, elle puise son inspiration dans la nature pour cr\u00e9er des \u0153uvres uniques et modernes. Passionn\u00e9e par les couleurs et les formes, \u00c9milie propose des cr\u00e9ations uniques qui refl\u00e8tent son univers artistique et sa [&hellip;]<\/p>\n","protected":false},"author":2,"featured_media":0,"parent":0,"menu_order":0,"comment_status":"closed","ping_status":"closed","template":"","meta":{"_et_pb_use_builder":"on","_et_pb_old_content":"","_et_gb_content_width":"","footnotes":""},"class_list":["post-513","page","type-page","status-publish","hentry"],"_links":{"self":[{"href":"https:\/\/emiliecaeymaex.com\/fr\/wp-json\/wp\/v2\/pages\/513","targetHints":{"allow":["GET"]}}],"collection":[{"href":"https:\/\/emiliecaeymaex.com\/fr\/wp-json\/wp\/v2\/pages"}],"about":[{"href":"https:\/\/emiliecaeymaex.com\/fr\/wp-json\/wp\/v2\/types\/page"}],"author":[{"embeddable":true,"href":"https:\/\/emiliecaeymaex.com\/fr\/wp-json\/wp\/v2\/users\/2"}],"replies":[{"embeddable":true,"href":"https:\/\/emiliecaeymaex.com\/fr\/wp-json\/wp\/v2\/comments?post=513"}],"version-history":[{"count":22,"href":"https:\/\/emiliecaeymaex.com\/fr\/wp-json\/wp\/v2\/pages\/513\/revisions"}],"predecessor-version":[{"id":876,"href":"https:\/\/emiliecaeymaex.com\/fr\/wp-json\/wp\/v2\/pages\/513\/revisions\/876"}],"wp:attachment":[{"href":"https:\/\/emiliecaeymaex.com\/fr\/wp-json\/wp\/v2\/media?parent=513"}],"curies":[{"name":"wp","href":"https:\/\/api.w.org\/{rel}","templated":true}]}}