{"id":519,"date":"2024-07-30T15:24:10","date_gmt":"2024-07-30T13:24:10","guid":{"rendered":"https:\/\/emiliecaeymaex.com\/commissions\/"},"modified":"2025-03-12T10:57:37","modified_gmt":"2025-03-12T09:57:37","slug":"commissions","status":"publish","type":"page","link":"https:\/\/emiliecaeymaex.com\/fr\/commissions\/","title":{"rendered":"Commandes"},"content":{"rendered":"<p>[et_pb_section fb_built=\u00a0\u00bb1&Prime; _builder_version=\u00a0\u00bb4.27.2&Prime; _module_preset=\u00a0\u00bbdefault\u00a0\u00bb custom_padding=\u00a0\u00bb30px||0px||false|false\u00a0\u00bb da_disable_devices=\u00a0\u00bboff|off|off\u00a0\u00bb global_colors_info=\u00a0\u00bb{}\u00a0\u00bb da_is_popup=\u00a0\u00bboff\u00a0\u00bb da_exit_intent=\u00a0\u00bboff\u00a0\u00bb da_has_close=\u00a0\u00bbon\u00a0\u00bb da_alt_close=\u00a0\u00bboff\u00a0\u00bb da_dark_close=\u00a0\u00bboff\u00a0\u00bb da_not_modal=\u00a0\u00bbon\u00a0\u00bb da_is_singular=\u00a0\u00bboff\u00a0\u00bb da_with_loader=\u00a0\u00bboff\u00a0\u00bb da_has_shadow=\u00a0\u00bbon\u00a0\u00bb][et_pb_row _builder_version=\u00a0\u00bb4.27.4&Prime; _module_preset=\u00a0\u00bbdefault\u00a0\u00bb custom_padding=\u00a0\u00bb0px|||||\u00a0\u00bb global_colors_info=\u00a0\u00bb{}\u00a0\u00bb][et_pb_column type=\u00a0\u00bb4_4&Prime; _builder_version=\u00a0\u00bb4.27.4&Prime; _module_preset=\u00a0\u00bbdefault\u00a0\u00bb global_colors_info=\u00a0\u00bb{}\u00a0\u00bb][et_pb_text _builder_version=\u00a0\u00bb4.27.4&Prime; _module_preset=\u00a0\u00bbdefault\u00a0\u00bb text_font=\u00a0\u00bbInconsolata|700|||||||\u00a0\u00bb link_text_color=\u00a0\u00bb#0C71C3&Prime; header_font=\u00a0\u00bb||||||||\u00a0\u00bb header_text_align=\u00a0\u00bbcenter\u00a0\u00bb header_font_size=\u00a0\u00bb22px\u00a0\u00bb header_letter_spacing=\u00a0\u00bb2px\u00a0\u00bb header_line_height=\u00a0\u00bb1.4em\u00a0\u00bb custom_margin=\u00a0\u00bb||15px||false|false\u00a0\u00bb global_colors_info=\u00a0\u00bb{}\u00a0\u00bb]<\/p>\n<h1>\u0152uvres d&rsquo;Art Abstrait Personnalis\u00e9es \u2013 Commandes sur Mesure<\/h1>\n<p>[\/et_pb_text][et_pb_text _builder_version=\u00a0\u00bb4.27.4&Prime; _module_preset=\u00a0\u00bbdefault\u00a0\u00bb text_orientation=\u00a0\u00bbcenter\u00a0\u00bb max_width=\u00a0\u00bb900px\u00a0\u00bb module_alignment=\u00a0\u00bbcenter\u00a0\u00bb global_colors_info=\u00a0\u00bb{}\u00a0\u00bb]<\/p>\n<p>\u00c9milie Caeymaex propose la cr\u00e9ation d&rsquo;\u0153uvres d&rsquo;art abstrait personnalis\u00e9es pour r\u00e9pondre \u00e0 vos envies et s&rsquo;harmoniser avec votre int\u00e9rieur. Que ce soit pour un bureau, un salon ou tout autre espace, commandez une peinture abstraite sur mesure qui refl\u00e8te votre personnalit\u00e9 et vos pr\u00e9f\u00e9rences esth\u00e9tiques. <\/p>\n<p>[\/et_pb_text][\/et_pb_column][\/et_pb_row][et_pb_row column_structure=\u00a0\u00bb1_2,1_2&Prime; _builder_version=\u00a0\u00bb4.27.2&Prime; _module_preset=\u00a0\u00bbdefault\u00a0\u00bb custom_padding=\u00a0\u00bb||0px|||\u00a0\u00bb global_colors_info=\u00a0\u00bb{}\u00a0\u00bb][et_pb_column type=\u00a0\u00bb1_2&Prime; module_class=\u00a0\u00bbcentrer-verticalement\u00a0\u00bb _builder_version=\u00a0\u00bb4.27.2&Prime; _module_preset=\u00a0\u00bbdefault\u00a0\u00bb global_colors_info=\u00a0\u00bb{}\u00a0\u00bb][et_pb_image src=\u00a0\u00bbhttps:\/\/emiliecaeymaex.com\/wp-content\/uploads\/2024\/10\/emilie-caeymaex-commissioned-work.jpg\u00a0\u00bb title_text=\u00a0\u00bbemilie-caeymaex-\u0153uvre-commissionn\u00e9e\u00a0\u00bb _builder_version=\u00a0\u00bb4.27.2&Prime; _module_preset=\u00a0\u00bbdefault\u00a0\u00bb global_colors_info=\u00a0\u00bb{}\u00a0\u00bb][\/et_pb_image][\/et_pb_column][et_pb_column type=\u00a0\u00bb1_2&Prime; module_class=\u00a0\u00bbcentrer-verticalement\u00a0\u00bb _builder_version=\u00a0\u00bb4.27.2&Prime; _module_preset=\u00a0\u00bbdefault\u00a0\u00bb global_colors_info=\u00a0\u00bb{}\u00a0\u00bb][et_pb_text _builder_version=\u00a0\u00bb4.27.2&Prime; _module_preset=\u00a0\u00bbdefault\u00a0\u00bb global_colors_info=\u00a0\u00bb{}\u00a0\u00bb]<\/p>\n<p>Au-del\u00e0 de mes expositions, je propose des cr\u00e9ations sur mesure destin\u00e9es \u00e0 sublimer les espaces int\u00e9rieurs. <\/p>\n<p>Que ce soit pour des particuliers, des architectes d&rsquo;int\u00e9rieur, des designers, ou des bureaux, je con\u00e7ois des \u0153uvres uniques qui s&rsquo;int\u00e8grent harmonieusement \u00e0 tout type d&rsquo;environnement. De la toile unique \u00e0 l&rsquo;\u0153uvre murale monumentale, je r\u00e9alise des pi\u00e8ces d&rsquo;art qui refl\u00e8tent votre personnalit\u00e9 et votre univers. <\/p>\n<p>[\/et_pb_text][et_pb_blurb title=\u00a0\u00bbUne oeuvre sur mesure : \u00a0\u00bb image=\u00a0\u00bbhttps:\/\/emiliecaeymaex.com\/wp-content\/uploads\/2024\/10\/emilie-caeymaex-logo.png\u00a0\u00bb icon_placement=\u00a0\u00bbleft\u00a0\u00bb image_icon_width=\u00a0\u00bb75%\u00a0\u00bb _builder_version=\u00a0\u00bb4.27.4&Prime; _module_preset=\u00a0\u00bbdefault\u00a0\u00bb custom_margin=\u00a0\u00bb||15px||false|false\u00a0\u00bb global_colors_info=\u00a0\u00bb{}\u00a0\u00bb][\/et_pb_blurb][et_pb_text _builder_version=\u00a0\u00bb4.27.2&Prime; _module_preset=\u00a0\u00bbdefault\u00a0\u00bb custom_margin=\u00a0\u00bb||20px||false|false\u00a0\u00bb global_colors_info=\u00a0\u00bb{}\u00a0\u00bb]<\/p>\n<p>Un voyage artistique unique. Je con\u00e7ois des peintures personnalis\u00e9es, taill\u00e9es sur mesure pour vos murs, en harmonie avec vos couleurs, votre int\u00e9rieur et votre style de vie. Ensemble, nous cocr\u00e9ons une \u0153uvre qui vous ressemble et qui \u00e9volue avec vous. <\/p>\n<p>[\/et_pb_text][et_pb_blurb title=\u00a0\u00bbCollaboration avec des architectes d&rsquo;int\u00e9rieur : \u00a0\u00bb image=\u00a0\u00bbhttps:\/\/emiliecaeymaex.com\/wp-content\/uploads\/2024\/10\/emilie-caeymaex-logo.png\u00a0\u00bb icon_placement=\u00a0\u00bbleft\u00a0\u00bb image_icon_width=\u00a0\u00bb75%\u00a0\u00bb _builder_version=\u00a0\u00bb4.27.2&Prime; _module_preset=\u00a0\u00bbdefault\u00a0\u00bb custom_margin=\u00a0\u00bb||15px||false|false\u00a0\u00bb global_colors_info=\u00a0\u00bb{}\u00a0\u00bb][\/et_pb_blurb][et_pb_text _builder_version=\u00a0\u00bb4.27.2&Prime; _module_preset=\u00a0\u00bbdefault\u00a0\u00bb custom_margin=\u00a0\u00bb||20px||false|false\u00a0\u00bb global_colors_info=\u00a0\u00bb{}\u00a0\u00bb]<\/p>\n<p>En partenariat avec les architectes d&rsquo;int\u00e9rieur, je con\u00e7ois des \u0153uvres d&rsquo;art uniques qui s&rsquo;harmonisent avec votre d\u00e9cor. Gr\u00e2ce aux \u201cmood board\u201d, nous d\u00e9finissons ensemble l&rsquo;atmosph\u00e8re que vous souhaitez cr\u00e9er et je r\u00e9alise une ou plusieurs \u0153uvre qui lui correspond parfaitement. <\/p>\n<p>[\/et_pb_text][et_pb_blurb title=\u00a0\u00bbL&rsquo;art au service des entreprises : \u00a0\u00bb image=\u00a0\u00bbhttps:\/\/emiliecaeymaex.com\/wp-content\/uploads\/2024\/10\/emilie-caeymaex-logo.png\u00a0\u00bb icon_placement=\u00a0\u00bbleft\u00a0\u00bb image_icon_width=\u00a0\u00bb75%\u00a0\u00bb _builder_version=\u00a0\u00bb4.27.2&Prime; _module_preset=\u00a0\u00bbdefault\u00a0\u00bb custom_margin=\u00a0\u00bb||15px||false|false\u00a0\u00bb global_colors_info=\u00a0\u00bb{}\u00a0\u00bb][\/et_pb_blurb][et_pb_text _builder_version=\u00a0\u00bb4.27.2&Prime; _module_preset=\u00a0\u00bbdefault\u00a0\u00bb custom_margin=\u00a0\u00bb||20px||false|false\u00a0\u00bb global_colors_info=\u00a0\u00bb{}\u00a0\u00bb]<\/p>\n<p><strong>Cr\u00e9ation de tableaux abstraits<\/strong> et <strong>personnalis\u00e9s<\/strong> pour les espaces professionnels. En \u00e9troite collaboration avec les designers d&rsquo;int\u00e9rieur (ou pas), je con\u00e7ois des \u0153uvres \u00e0 grande \u00e9chelle qui transforment les bureaux, les h\u00f4tels et les maisons d&rsquo;h\u00f4tes en lieux de vie uniques et inspirants.<\/p>\n<p>[\/et_pb_text][\/et_pb_column][\/et_pb_row][et_pb_row _builder_version=\u00a0\u00bb4.27.2&Prime; _module_preset=\u00a0\u00bbdefault\u00a0\u00bb custom_padding=\u00a0\u00bb5px||0px||false|false\u00a0\u00bb global_colors_info=\u00a0\u00bb{}\u00a0\u00bb][et_pb_column type=\u00a0\u00bb4_4&Prime; _builder_version=\u00a0\u00bb4.27.2&Prime; _module_preset=\u00a0\u00bbdefault\u00a0\u00bb global_colors_info=\u00a0\u00bb{}\u00a0\u00bb][et_pb_text _builder_version=\u00a0\u00bb4.27.2&Prime; _module_preset=\u00a0\u00bbdefault\u00a0\u00bb header_2_font=\u00a0\u00bb||||||||\u00a0\u00bb header_2_text_align=\u00a0\u00bbcenter\u00a0\u00bb header_2_font_size=\u00a0\u00bb22px\u00a0\u00bb header_2_letter_spacing=\u00a0\u00bb1px\u00a0\u00bb custom_margin=\u00a0\u00bb||10px||false|false\u00a0\u00bb global_colors_info=\u00a0\u00bb{}\u00a0\u00bb]<\/p>\n<h2>Comment cela fonctionne-t-il ?<\/h2>\n<p>[\/et_pb_text][\/et_pb_column][\/et_pb_row][et_pb_row column_structure=\u00a0\u00bb1_2,1_2&Prime; _builder_version=\u00a0\u00bb4.27.2&Prime; _module_preset=\u00a0\u00bbdefault\u00a0\u00bb custom_padding=\u00a0\u00bb||0px||false|false\u00a0\u00bb global_colors_info=\u00a0\u00bb{}\u00a0\u00bb][et_pb_column type=\u00a0\u00bb1_2&Prime; _builder_version=\u00a0\u00bb4.27.0&Prime; _module_preset=\u00a0\u00bbdefault\u00a0\u00bb global_colors_info=\u00a0\u00bb{}\u00a0\u00bb][et_pb_text _builder_version=\u00a0\u00bb4.27.2&Prime; _module_preset=\u00a0\u00bbdefault\u00a0\u00bb header_2_font=\u00a0\u00bb||||||||\u00a0\u00bb header_2_font_size=\u00a0\u00bb20px\u00a0\u00bb header_2_letter_spacing=\u00a0\u00bb1px\u00a0\u00bb header_3_font_size=\u00a0\u00bb18px\u00a0\u00bb custom_margin=\u00a0\u00bb||10px||false|false\u00a0\u00bb global_colors_info=\u00a0\u00bb{}\u00a0\u00bb]<\/p>\n<h3><span data-contrast=\"none\" xml:lang=\"FR-FR\" lang=\"FR-FR\" class=\"TextRun MacChromeBold SCXW100164426 BCX0\"><span class=\"NormalTextRun SCXW100164426 BCX0\">Rencontres <\/span><span class=\"NormalTextRun ContextualSpellingAndGrammarErrorV2Themed SCXW100164426 BCX0\">face \u00e0 face :<\/span><\/span><span class=\"EOP SCXW100164426 BCX0\" data-ccp-props=\"{\"134233117\":false,\"134233118\":false,\"201341983\":0,\"335559685\":-20,\"335559737\":-20,\"335559738\":0,\"335559739\":0,\"335559740\":259}\"> <\/span><\/h3>\n<p>[\/et_pb_text][et_pb_text _builder_version=\u00a0\u00bb4.27.0&Prime; _module_preset=\u00a0\u00bbdefault\u00a0\u00bb custom_margin=\u00a0\u00bb||20px||false|false\u00a0\u00bb global_colors_info=\u00a0\u00bb{}\u00a0\u00bb]<\/p>\n<ul>\n<li data-leveltext=\"o\" data-font=\"Courier New\" data-listid=\"1\" data-list-defn-props=\"{\"335552541\":1,\"335559685\":1440,\"335559991\":360,\"469769226\":\"Courier New\",\"469769242\":[9675],\"469777803\":\"left\",\"469777804\":\"o\",\"469777815\":\"hybridMultilevel\"}\" aria-setsize=\"-1\" data-aria-posinset=\"1\" data-aria-level=\"2\">Que vous soyez <span data-contrast=\"none\"><b>un particulier, un architecte d&rsquo;int\u00e9rieur ou ou un designer<\/b><\/span>, <span data-contrast=\"none\">rencontrons-nous pour \u00e9changer sur votre projet. Ces rencontres sont l&rsquo;occasion de comprendre vos go\u00fbts, votre vision et de d\u00e9finir ensemble les contours de l&rsquo;\u0153uvre d&rsquo;art id\u00e9ale.<\/span><span data-ccp-props=\"{\"134233117\":false,\"134233118\":false,\"201341983\":0,\"335559738\":0,\"335559739\":0,\"335559740\":259}\"> <\/span><\/li>\n<\/ul>\n<ul>\n<li data-leveltext=\"o\" data-font=\"Courier New\" data-listid=\"1\" data-list-defn-props=\"{\"335552541\":1,\"335559685\":1440,\"335559991\":360,\"469769226\":\"Courier New\",\"469769242\":[9675],\"469777803\":\"left\",\"469777804\":\"o\",\"469777815\":\"hybridMultilevel\"}\" aria-setsize=\"-1\" data-aria-posinset=\"2\" data-aria-level=\"2\"><b><span data-contrast=\"none\">Visites sur place :<\/span><\/b><span data-contrast=\"none\"> Pour garantir la r\u00e9ussite de votre projet artistique, je vous propose de me rencontrer dans vos locaux afin d&rsquo;\u00e9changer sur vos attentes et de visiter les lieux. Ces \u00e9changes sont pour moi l&rsquo;occasion de comprendre votre univers et de vous proposer des solutions sur mesure. Que vous soyez un particulier, un architecte d&rsquo;int\u00e9rieur ou un designer, je suis \u00e0 votre \u00e9coute et je me d\u00e9place o\u00f9 que vous soyez, en Belgique ou \u00e0 l&rsquo;\u00e9tranger. <\/span><span data-ccp-props=\"{\"134233117\":false,\"134233118\":false,\"201341983\":0,\"335559738\":0,\"335559739\":0,\"335559740\":259}\"> <\/span><\/li>\n<\/ul>\n<p>[\/et_pb_text][\/et_pb_column][et_pb_column type=\u00a0\u00bb1_2&Prime; _builder_version=\u00a0\u00bb4.27.0&Prime; _module_preset=\u00a0\u00bbdefault\u00a0\u00bb global_colors_info=\u00a0\u00bb{}\u00a0\u00bb][et_pb_text _builder_version=\u00a0\u00bb4.27.2&Prime; _module_preset=\u00a0\u00bbdefault\u00a0\u00bb header_2_font=\u00a0\u00bb||||||||\u00a0\u00bb header_2_font_size=\u00a0\u00bb20px\u00a0\u00bb header_2_letter_spacing=\u00a0\u00bb1px\u00a0\u00bb header_3_font_size=\u00a0\u00bb18px\u00a0\u00bb custom_margin=\u00a0\u00bb||10px||false|false\u00a0\u00bb global_colors_info=\u00a0\u00bb{}\u00a0\u00bb]<\/p>\n<h3><span data-contrast=\"none\" xml:lang=\"FR-FR\" lang=\"FR-FR\" class=\"TextRun MacChromeBold SCXW100164426 BCX0\"><span class=\"NormalTextRun ContextualSpellingAndGrammarErrorV2Themed SCXW100164426 BCX0\">Consultation <\/span><span class=\"NormalTextRun SCXW100164426 BCX0\">virtuelle<\/span><\/span><span class=\"EOP SCXW100164426 BCX0\" data-ccp-props=\"{\"134233117\":false,\"134233118\":false,\"201341983\":0,\"335559685\":-20,\"335559737\":-20,\"335559738\":0,\"335559739\":0,\"335559740\":259}\"> <\/span><\/h3>\n<p>[\/et_pb_text][et_pb_text _builder_version=\u00a0\u00bb4.27.2&Prime; _module_preset=\u00a0\u00bbdefault\u00a0\u00bb custom_margin=\u00a0\u00bb||20px||false|false\u00a0\u00bb global_colors_info=\u00a0\u00bb{}\u00a0\u00bb]<\/p>\n<p>Que vous soyez \u00e0 l&rsquo;autre bout du monde ou simplement press\u00e9 par le temps, nous pouvons \u00e9changer facilement par vid\u00e9oconf\u00e9rence. Cette solution permet d&rsquo;explorer vos id\u00e9es et de d\u00e9finir ensemble les grandes lignes de votre projet artistique. <\/p>\n<p>[\/et_pb_text][\/et_pb_column][\/et_pb_row][et_pb_row _builder_version=\u00a0\u00bb4.27.2&Prime; _module_preset=\u00a0\u00bbdefault\u00a0\u00bb custom_padding=\u00a0\u00bb0px||||false|false\u00a0\u00bb global_colors_info=\u00a0\u00bb{}\u00a0\u00bb][et_pb_column type=\u00a0\u00bb4_4&Prime; _builder_version=\u00a0\u00bb4.27.2&Prime; _module_preset=\u00a0\u00bbdefault\u00a0\u00bb global_colors_info=\u00a0\u00bb{}\u00a0\u00bb][et_pb_button button_url=\u00a0\u00bbhttps:\/\/emiliecaeymaex.com\/fr\/contact\/\u00a0\u00bb button_text=\u00a0\u00bbPremi\u00e8re \u00e9tape : Prenons contact !\u00a0\u00bb button_alignment=\u00a0\u00bbcenter\u00a0\u00bb _builder_version=\u00a0\u00bb4.27.2&Prime; _module_preset=\u00a0\u00bbdefault\u00a0\u00bb custom_button=\u00a0\u00bbon\u00a0\u00bb button_text_color=\u00a0\u00bb#FFFFFF\u00a0\u00bb button_bg_color=\u00a0\u00bb#B4A25D\u00a0\u00bb button_border_color=\u00a0\u00bb#B4A25D\u00a0\u00bb global_colors_info=\u00a0\u00bb{}\u00a0\u00bb][\/et_pb_button][\/et_pb_column][\/et_pb_row][\/et_pb_section]<\/p>\n","protected":false},"excerpt":{"rendered":"<p>\u0152uvres d&rsquo;Art Abstrait Personnalis\u00e9es \u2013 Commandes sur Mesure\u00c9milie Caeymaex propose la cr\u00e9ation d&rsquo;\u0153uvres d&rsquo;art abstrait personnalis\u00e9es pour r\u00e9pondre \u00e0 vos envies et s&rsquo;harmoniser avec votre int\u00e9rieur. Que ce soit pour un bureau, un salon ou tout autre espace, commandez une peinture abstraite sur mesure qui refl\u00e8te votre personnalit\u00e9 et vos pr\u00e9f\u00e9rences esth\u00e9tiques. Au-del\u00e0 de mes [&hellip;]<\/p>\n","protected":false},"author":2,"featured_media":0,"parent":0,"menu_order":0,"comment_status":"closed","ping_status":"closed","template":"","meta":{"_et_pb_use_builder":"on","_et_pb_old_content":"","_et_gb_content_width":"","footnotes":""},"class_list":["post-519","page","type-page","status-publish","hentry"],"_links":{"self":[{"href":"https:\/\/emiliecaeymaex.com\/fr\/wp-json\/wp\/v2\/pages\/519","targetHints":{"allow":["GET"]}}],"collection":[{"href":"https:\/\/emiliecaeymaex.com\/fr\/wp-json\/wp\/v2\/pages"}],"about":[{"href":"https:\/\/emiliecaeymaex.com\/fr\/wp-json\/wp\/v2\/types\/page"}],"author":[{"embeddable":true,"href":"https:\/\/emiliecaeymaex.com\/fr\/wp-json\/wp\/v2\/users\/2"}],"replies":[{"embeddable":true,"href":"https:\/\/emiliecaeymaex.com\/fr\/wp-json\/wp\/v2\/comments?post=519"}],"version-history":[{"count":11,"href":"https:\/\/emiliecaeymaex.com\/fr\/wp-json\/wp\/v2\/pages\/519\/revisions"}],"predecessor-version":[{"id":904,"href":"https:\/\/emiliecaeymaex.com\/fr\/wp-json\/wp\/v2\/pages\/519\/revisions\/904"}],"wp:attachment":[{"href":"https:\/\/emiliecaeymaex.com\/fr\/wp-json\/wp\/v2\/media?parent=519"}],"curies":[{"name":"wp","href":"https:\/\/api.w.org\/{rel}","templated":true}]}}