{"id":551,"date":"2024-10-05T12:05:06","date_gmt":"2024-10-05T10:05:06","guid":{"rendered":"https:\/\/emiliecaeymaex.com\/bienvenue\/"},"modified":"2025-03-12T10:44:22","modified_gmt":"2025-03-12T09:44:22","slug":"bienvenue","status":"publish","type":"page","link":"https:\/\/emiliecaeymaex.com\/fr\/bienvenue\/","title":{"rendered":"Bienvenue"},"content":{"rendered":"<p>[et_pb_section fb_built=\u00a0\u00bb1&Prime; _builder_version=\u00a0\u00bb4.27.2&Prime; _module_preset=\u00a0\u00bbdefault\u00a0\u00bb custom_padding=\u00a0\u00bb0px||0px||true|false\u00a0\u00bb da_disable_devices=\u00a0\u00bboff|off|off\u00a0\u00bb global_colors_info=\u00a0\u00bb{}\u00a0\u00bb da_is_popup=\u00a0\u00bboff\u00a0\u00bb da_exit_intent=\u00a0\u00bboff\u00a0\u00bb da_has_close=\u00a0\u00bbon\u00a0\u00bb da_alt_close=\u00a0\u00bboff\u00a0\u00bb da_dark_close=\u00a0\u00bboff\u00a0\u00bb da_not_modal=\u00a0\u00bbon\u00a0\u00bb da_is_singular=\u00a0\u00bboff\u00a0\u00bb da_with_loader=\u00a0\u00bboff\u00a0\u00bb da_has_shadow=\u00a0\u00bbon\u00a0\u00bb][et_pb_row _builder_version=\u00a0\u00bb4.27.2&Prime; _module_preset=\u00a0\u00bbdefault\u00a0\u00bb width=\u00a0\u00bb100%\u00a0\u00bb max_width=\u00a0\u00bb100%\u00a0\u00bb custom_padding=\u00a0\u00bb0px||0px||true|false\u00a0\u00bb global_colors_info=\u00a0\u00bb{}\u00a0\u00bb][et_pb_column type=\u00a0\u00bb4_4&Prime; _builder_version=\u00a0\u00bb4.27.2&Prime; _module_preset=\u00a0\u00bbdefault\u00a0\u00bb global_colors_info=\u00a0\u00bb{}\u00a0\u00bb][et_pb_slider show_arrows=\u00a0\u00bboff\u00a0\u00bb dot_nav_custom_color=\u00a0\u00bb#000000&Prime; _builder_version=\u00a0\u00bb4.27.3&Prime; _module_preset=\u00a0\u00bbdefault\u00a0\u00bb background_image=\u00a0\u00bbhttps:\/\/emiliecaeymaex.com\/wp-content\/uploads\/2024\/07\/home1.jpg\u00a0\u00bb custom_padding=\u00a0\u00bb||120px|||\u00a0\u00bb auto=\u00a0\u00bbon\u00a0\u00bb auto_speed=\u00a0\u00bb3500&Prime; auto_ignore_hover=\u00a0\u00bbon\u00a0\u00bb global_colors_info=\u00a0\u00bb{}\u00a0\u00bb][et_pb_slide arrows_custom_color=\u00a0\u00bbRGBA(255,255,255,0)\u00a0\u00bb dot_nav_custom_color=\u00a0\u00bb#FFFFFF\u00a0\u00bb admin_title=\u00a0\u00bbduo de toiles vertes\u00a0\u00bb _builder_version=\u00a0\u00bb4.27.2&Prime; _module_preset=\u00a0\u00bbdefault\u00a0\u00bb background_enable_color=\u00a0\u00bboff\u00a0\u00bb background_image=\u00a0\u00bbhttps:\/\/emiliecaeymaex.com\/wp-content\/uploads\/2024\/10\/emilie-caeymaex-artist-green-diptych.jpg\u00a0\u00bb background_enable_image=\u00a0\u00bbon\u00a0\u00bb custom_padding=\u00a0\u00bb||||false|false\u00a0\u00bb background_last_edited=\u00a0\u00bbon|phone\u00a0\u00bb background_image_phone=\u00a0\u00bbhttps:\/\/emiliecaeymaex.com\/wp-content\/uploads\/2024\/10\/emilie-caeymaex-artist-green-diptych-mobile.jpg\u00a0\u00bb background_enable_image_phone=\u00a0\u00bbon\u00a0\u00bb global_colors_info=\u00a0\u00bb{}\u00a0\u00bb sticky_transition=\u00a0\u00bbon\u00a0\u00bb][\/et_pb_slide][et_pb_slide arrows_custom_color=\u00a0\u00bbRGBA(255,255,255,0)\u00a0\u00bb dot_nav_custom_color=\u00a0\u00bb#FFFFFF\u00a0\u00bb admin_title=\u00a0\u00bbpurple rain\u00a0\u00bb image_tablet=\u00a0\u00bb\u00a0\u00bb image_phone=\u00a0\u00bbhttps:\/\/emiliecaeymaex.com\/wp-content\/uploads\/2024\/11\/IMG_9619-copy.jpeg\u00a0\u00bb image_last_edited=\u00a0\u00bbon|phone\u00a0\u00bb _builder_version=\u00a0\u00bb4.27.3&Prime; _module_preset=\u00a0\u00bbdefault\u00a0\u00bb background_enable_color=\u00a0\u00bboff\u00a0\u00bb background_image=\u00a0\u00bbhttps:\/\/emiliecaeymaex.com\/wp-content\/uploads\/2024\/10\/emilie-caeymaex-artist-purple-rain.jpg\u00a0\u00bb background_enable_image=\u00a0\u00bbon\u00a0\u00bb custom_padding=\u00a0\u00bb375px||375px||true|false\u00a0\u00bb background_last_edited=\u00a0\u00bbon|phone\u00a0\u00bb background_image_phone=\u00a0\u00bbhttps:\/\/emiliecaeymaex.com\/wp-content\/uploads\/2024\/11\/emilie-caeymaex-green.jpg\u00a0\u00bb background_enable_image_phone=\u00a0\u00bbon\u00a0\u00bb global_colors_info=\u00a0\u00bb{}\u00a0\u00bb sticky_transition=\u00a0\u00bbon\u00a0\u00bb][\/et_pb_slide][et_pb_slide arrows_custom_color=\u00a0\u00bbRGBA(255,255,255,0)\u00a0\u00bb dot_nav_custom_color=\u00a0\u00bb#FFFFFF\u00a0\u00bb admin_title=\u00a0\u00bbmezzanine\u00a0\u00bb _builder_version=\u00a0\u00bb4.27.3&Prime; _module_preset=\u00a0\u00bbdefault\u00a0\u00bb background_enable_color=\u00a0\u00bboff\u00a0\u00bb background_image=\u00a0\u00bbhttps:\/\/emiliecaeymaex.com\/wp-content\/uploads\/2024\/10\/emilie-caeymaex-artist-mezzanine.jpg\u00a0\u00bb background_enable_image=\u00a0\u00bbon\u00a0\u00bb custom_padding=\u00a0\u00bb375px||375px||true|false\u00a0\u00bb background_last_edited=\u00a0\u00bbon|phone\u00a0\u00bb background_image_phone=\u00a0\u00bbhttps:\/\/emiliecaeymaex.com\/wp-content\/uploads\/2024\/11\/emilie-caeymaex-aquarius.jpg\u00a0\u00bb background_enable_image_phone=\u00a0\u00bbon\u00a0\u00bb global_colors_info=\u00a0\u00bb{}\u00a0\u00bb sticky_transition=\u00a0\u00bbon\u00a0\u00bb][\/et_pb_slide][et_pb_slide arrows_custom_color=\u00a0\u00bbRGBA(255,255,255,0)\u00a0\u00bb dot_nav_custom_color=\u00a0\u00bb#FFFFFF\u00a0\u00bb admin_title=\u00a0\u00bbsecret garden\u00a0\u00bb _builder_version=\u00a0\u00bb4.27.3&Prime; _module_preset=\u00a0\u00bbdefault\u00a0\u00bb background_enable_color=\u00a0\u00bboff\u00a0\u00bb background_image=\u00a0\u00bbhttps:\/\/emiliecaeymaex.com\/wp-content\/uploads\/2024\/10\/emilie-caeymaex-artist-secret-garden.jpg\u00a0\u00bb background_enable_image=\u00a0\u00bbon\u00a0\u00bb custom_padding=\u00a0\u00bb375px||375px||true|false\u00a0\u00bb background_last_edited=\u00a0\u00bbon|phone\u00a0\u00bb background_image_phone=\u00a0\u00bbhttps:\/\/emiliecaeymaex.com\/wp-content\/uploads\/2024\/10\/emilie-caeymaex-abstract-artist-secret-garden-mobile.jpg\u00a0\u00bb background_enable_image_phone=\u00a0\u00bbon\u00a0\u00bb global_colors_info=\u00a0\u00bb{}\u00a0\u00bb sticky_transition=\u00a0\u00bbon\u00a0\u00bb][\/et_pb_slide][\/et_pb_slider][\/et_pb_column][\/et_pb_row][et_pb_row _builder_version=\u00a0\u00bb4.27.2&Prime; _module_preset=\u00a0\u00bbdefault\u00a0\u00bb global_colors_info=\u00a0\u00bb{}\u00a0\u00bb][et_pb_column type=\u00a0\u00bb4_4&Prime; _builder_version=\u00a0\u00bb4.27.2&Prime; _module_preset=\u00a0\u00bbdefault\u00a0\u00bb global_colors_info=\u00a0\u00bb{}\u00a0\u00bb][et_pb_text _builder_version=\u00a0\u00bb4.27.4&Prime; _module_preset=\u00a0\u00bbdefault\u00a0\u00bb text_font=\u00a0\u00bbInconsolata|700|||||||\u00a0\u00bb link_text_color=\u00a0\u00bb#0C71C3&Prime; header_font=\u00a0\u00bb||||||||\u00a0\u00bb header_text_align=\u00a0\u00bbcenter\u00a0\u00bb header_font_size=\u00a0\u00bb22px\u00a0\u00bb header_letter_spacing=\u00a0\u00bb2px\u00a0\u00bb header_line_height=\u00a0\u00bb1.4em\u00a0\u00bb global_colors_info=\u00a0\u00bb{}\u00a0\u00bb]<\/p>\n<h1><span style=\"font-weight: 400;\">Artiste Peintre Abstraite Belge<br \/>\u0152uvres sur mesure pour votre chez vous ou votre bureau<\/span><\/h1>\n<p>[\/et_pb_text][et_pb_text _builder_version=\u00a0\u00bb4.27.4&Prime; _module_preset=\u00a0\u00bbdefault\u00a0\u00bb text_orientation=\u00a0\u00bbcenter\u00a0\u00bb max_width=\u00a0\u00bb900px\u00a0\u00bb module_alignment=\u00a0\u00bbcenter\u00a0\u00bb global_colors_info=\u00a0\u00bb{}\u00a0\u00bb width__hover_enabled=\u00a0\u00bbon|desktop\u00a0\u00bb]<\/p>\n<p><span style=\"font-weight: 400;\">D\u00e9couvrez les cr\u00e9ations uniques d&rsquo;\u00c9milie Caeymaex, artiste peintre abstraite bas\u00e9e \u00e0 Bruxelles. Ses \u0153uvres, inspir\u00e9es par l&rsquo;architecture, la mode, la nature, allient modernit\u00e9 et gestuelle pour apporter une touche contemporaine \u00e0 votre int\u00e9rieur. Chaque peinture abstraite est r\u00e9alis\u00e9e sur toile avec des couleurs vibrantes, refl\u00e9tant l&rsquo;essence de l&rsquo;art abstrait belge.  <\/span><\/p>\n<p>[\/et_pb_text][et_pb_button button_url=\u00a0\u00bbhttps:\/\/emiliecaeymaex.com\/fr\/projets\/\u00a0\u00bb button_text=\u00a0\u00bbD\u00e9couvrir d&rsquo;autres projets\u00a0\u00bb button_alignment=\u00a0\u00bbcenter\u00a0\u00bb _builder_version=\u00a0\u00bb4.27.2&Prime; _module_preset=\u00a0\u00bbdefault\u00a0\u00bb global_colors_info=\u00a0\u00bb{}\u00a0\u00bb][\/et_pb_button][\/et_pb_column][\/et_pb_row][\/et_pb_section]<\/p>\n","protected":false},"excerpt":{"rendered":"<p>Artiste Peintre Abstraite Belge\u0152uvres sur mesure pour votre chez vous ou votre bureauD\u00e9couvrez les cr\u00e9ations uniques d&rsquo;\u00c9milie Caeymaex, artiste peintre abstraite bas\u00e9e \u00e0 Bruxelles. Ses \u0153uvres, inspir\u00e9es par l&rsquo;architecture, la mode, la nature, allient modernit\u00e9 et gestuelle pour apporter une touche contemporaine \u00e0 votre int\u00e9rieur. Chaque peinture abstraite est r\u00e9alis\u00e9e sur toile avec des couleurs [&hellip;]<\/p>\n","protected":false},"author":2,"featured_media":0,"parent":0,"menu_order":0,"comment_status":"closed","ping_status":"closed","template":"","meta":{"_et_pb_use_builder":"on","_et_pb_old_content":"","_et_gb_content_width":"","footnotes":""},"class_list":["post-551","page","type-page","status-publish","hentry"],"_links":{"self":[{"href":"https:\/\/emiliecaeymaex.com\/fr\/wp-json\/wp\/v2\/pages\/551","targetHints":{"allow":["GET"]}}],"collection":[{"href":"https:\/\/emiliecaeymaex.com\/fr\/wp-json\/wp\/v2\/pages"}],"about":[{"href":"https:\/\/emiliecaeymaex.com\/fr\/wp-json\/wp\/v2\/types\/page"}],"author":[{"embeddable":true,"href":"https:\/\/emiliecaeymaex.com\/fr\/wp-json\/wp\/v2\/users\/2"}],"replies":[{"embeddable":true,"href":"https:\/\/emiliecaeymaex.com\/fr\/wp-json\/wp\/v2\/comments?post=551"}],"version-history":[{"count":20,"href":"https:\/\/emiliecaeymaex.com\/fr\/wp-json\/wp\/v2\/pages\/551\/revisions"}],"predecessor-version":[{"id":900,"href":"https:\/\/emiliecaeymaex.com\/fr\/wp-json\/wp\/v2\/pages\/551\/revisions\/900"}],"wp:attachment":[{"href":"https:\/\/emiliecaeymaex.com\/fr\/wp-json\/wp\/v2\/media?parent=551"}],"curies":[{"name":"wp","href":"https:\/\/api.w.org\/{rel}","templated":true}]}}